{"id":50,"date":"2021-12-16T20:14:50","date_gmt":"2021-12-16T20:14:50","guid":{"rendered":"https:\/\/start.rundgang-brgs.de\/?page_id=50"},"modified":"2022-01-16T14:54:46","modified_gmt":"2022-01-16T14:54:46","slug":"erdgeschoss","status":"publish","type":"page","link":"https:\/\/rundgang-brgs.de\/index.php\/erdgeschoss\/","title":{"rendered":"Erdgeschoss"},"content":{"rendered":"\n<h5 class=\"has-text-align-center wp-block-heading\">R\u00e4ume, welche beim Ber\u00fchren einen blauen Hintergrund erhalten, sind aufgenommen und k\u00f6nnen durch einen Klick angesehen werden<\/h5>\n\n\n\n<div style=\"height:1px\" aria-hidden=\"true\" class=\"wp-block-spacer\"><\/div>\n\n\n\n<h5 class=\"has-text-align-center wp-block-heading\">Bitte klicken Sie auf das Bild oder\u00a0<a href=\"https:\/\/rundgang-brgs.de\/grundriss\/erdgeschoss\/index.html\">hier<\/a>\u00a0um zum interaktiven Geb\u00e4udeplan des Ergeschosses zu gelangen!<\/h5>\n\n\n\n<div class=\"wp-block-image\"><figure class=\"aligncenter size-large\"><a href=\"https:\/\/rundgang-brgs.de\/grundriss\/erdgeschoss\/index.html\"><img decoding=\"async\" src=\"https:\/\/rundgang-brgs.de\/wp-content\/uploads\/2021\/12\/Erdgeschossklein-1024x717.jpg\" alt=\"\"\/><\/a><\/figure><\/div>\n","protected":false},"excerpt":{"rendered":"<p>R\u00e4ume, welche beim Ber\u00fchren einen blauen Hintergrund erhalten, sind aufgenommen und k\u00f6nnen durch einen Klick angesehen werden Bitte klicken Sie auf das Bild oder\u00a0hier\u00a0um zum interaktiven Geb\u00e4udeplan des Ergeschosses zu gelangen!<\/p>\n","protected":false},"author":1,"featured_media":0,"parent":0,"menu_order":0,"comment_status":"closed","ping_status":"closed","template":"templates\/template-full-width.php","meta":{"footnotes":""},"class_list":["post-50","page","type-page","status-publish","hentry"],"_links":{"self":[{"href":"https:\/\/rundgang-brgs.de\/index.php\/wp-json\/wp\/v2\/pages\/50","targetHints":{"allow":["GET"]}}],"collection":[{"href":"https:\/\/rundgang-brgs.de\/index.php\/wp-json\/wp\/v2\/pages"}],"about":[{"href":"https:\/\/rundgang-brgs.de\/index.php\/wp-json\/wp\/v2\/types\/page"}],"author":[{"embeddable":true,"href":"https:\/\/rundgang-brgs.de\/index.php\/wp-json\/wp\/v2\/users\/1"}],"replies":[{"embeddable":true,"href":"https:\/\/rundgang-brgs.de\/index.php\/wp-json\/wp\/v2\/comments?post=50"}],"version-history":[{"count":16,"href":"https:\/\/rundgang-brgs.de\/index.php\/wp-json\/wp\/v2\/pages\/50\/revisions"}],"predecessor-version":[{"id":161,"href":"https:\/\/rundgang-brgs.de\/index.php\/wp-json\/wp\/v2\/pages\/50\/revisions\/161"}],"wp:attachment":[{"href":"https:\/\/rundgang-brgs.de\/index.php\/wp-json\/wp\/v2\/media?parent=50"}],"curies":[{"name":"wp","href":"https:\/\/api.w.org\/{rel}","templated":true}]}}